{"id":605,"date":"2020-05-06T16:02:25","date_gmt":"2020-05-06T19:02:25","guid":{"rendered":"https:\/\/intranet.ophthal.com.br\/?page_id=605"},"modified":"2026-01-20T10:40:50","modified_gmt":"2026-01-20T13:40:50","slug":"doc-007-politica-de-socioambiental","status":"publish","type":"page","link":"https:\/\/intranet.ophthal.com.br\/?page_id=605","title":{"rendered":"DOC &#8211; 007 &#8211; POL\u00cdTICA DE SOCIOAMBIENTAL"},"content":{"rendered":"<p>&nbsp;<\/p>\n<table style=\"width: 100%; border-collapse: collapse; border-color: #000000; border-style: solid;\" border=\"1\">\n<tbody>\n<tr>\n<td style=\"width: 272px; border-style: solid; border-color: #000000;\"><img decoding=\"async\" class=\"wp-image-345 aligncenter\" src=\"https:\/\/intranet.ophthal.com.br\/wp-content\/uploads\/2020\/03\/5x3_logo-300x200.jpg\" alt=\"\" width=\"189\" height=\"126\" srcset=\"https:\/\/intranet.ophthal.com.br\/wp-content\/uploads\/2020\/03\/5x3_logo-300x200.jpg 300w, https:\/\/intranet.ophthal.com.br\/wp-content\/uploads\/2020\/03\/5x3_logo.jpg 591w\" sizes=\"(max-width: 189px) 100vw, 189px\" \/><\/td>\n<td style=\"width: 271px; border-style: solid; border-color: #000000; text-align: center;\"><span style=\"font-family: arial black, sans-serif;\"><b>POL\u00cdTICA ORGANIZACIONAL<\/b><\/span><\/td>\n<td style=\"width: 272px; border-style: solid; border-color: #000000;\">\n<p style=\"text-align: center;\"><span style=\"font-family: 'arial black', sans-serif;\"><strong>PAGINA<\/strong><\/span><\/p>\n<p style=\"text-align: center;\"><span style=\"font-family: 'arial black', sans-serif;\"><strong>1 DE 1<\/strong><\/span><\/p>\n<\/td>\n<\/tr>\n<\/tbody>\n<\/table>\n<table style=\"width: 100%; border-collapse: collapse; border-style: solid; border-color: #000000; height: 24px;\" border=\"1\">\n<tbody>\n<tr style=\"height: 24px;\">\n<td style=\"width: 50%; height: 24px; border-style: solid; border-color: #000000; text-align: center;\"><span style=\"font-family: 'arial black', sans-serif;\"><strong>INSTITUCIONAL<\/strong><\/span><\/td>\n<td style=\"width: 50%; height: 24px; border-style: solid; border-color: #000000; text-align: center;\"><span style=\"font-family: 'arial black', sans-serif;\"><strong>IMPLANTA\u00c7\u00c3O: 04\/2016<\/strong><\/span><\/td>\n<\/tr>\n<\/tbody>\n<\/table>\n<table style=\"width: 100%; border-collapse: collapse; border-style: solid; border-color: #000000;\" border=\"1\">\n<tbody>\n<tr>\n<td style=\"width: 33.3333%; border-style: solid; border-color: #000000; text-align: center;\"><span style=\"font-family: 'arial black', sans-serif;\"><strong>DOC n\u00ba 007<\/strong><\/span><\/td>\n<td style=\"width: 33.3333%; border-style: solid; border-color: #000000; text-align: center;\"><span style=\"font-family: 'arial black', sans-serif;\"><strong>REVIS\u00c3O: n\u00ba 05 &#8211; 04\/2025<\/strong><\/span><\/td>\n<td style=\"width: 33.3333%; border-style: solid; border-color: #000000; text-align: center;\"><span style=\"font-family: 'arial black', sans-serif;\"><strong>PR\u00d3XIMA REVIS\u00c3O: 04\/2027<\/strong><\/span><\/td>\n<\/tr>\n<\/tbody>\n<\/table>\n<table style=\"width: 100%; border-collapse: collapse; height: 24px;\" border=\"1\">\n<tbody>\n<tr style=\"height: 24px;\">\n<td style=\"width: 100%; height: 24px; border-style: solid; border-color: #000000; text-align: center;\"><span style=\"font-family: 'arial black', sans-serif;\"><strong>POL\u00cdTICA DE SOCIOAMBIENTAL<\/strong><\/span><\/td>\n<\/tr>\n<\/tbody>\n<\/table>\n<p>&nbsp;<\/p>\n<p><span style=\"font-family: arial, helvetica, sans-serif;\"><strong>Introdu\u00e7\u00e3o<\/strong><\/span><\/p>\n<p><span style=\"font-family: arial, helvetica, sans-serif;\">A Ophthal Hospital Especializado Ltda se preocupa e incentiva a responsabilidade s\u00f3cio-ambiental atrav\u00e9s de campanhas e a\u00e7\u00f5es, tais como coleta seletiva em algumas unidades, projeto papa pilha e apoio a projetos sociais.<\/span><\/p>\n<p><span style=\"font-family: arial, helvetica, sans-serif;\">Uma empresa socialmente respons\u00e1vel, n\u00e3o \u00e9 aquela que somente preserva o meio ambiente e as quest\u00f5es sociais, e sim, a que se preocupa com o ambiente de trabalho dos funcion\u00e1rios, o bem-estar destes; que procuram conscientizar os pr\u00f3prios funcion\u00e1rios de que devem atuar nas quest\u00f5es sociais.<\/span><\/p>\n<p>&nbsp;<\/p>\n<ol>\n<li style=\"list-style-type: none;\">\n<ol>\n<li><span style=\"font-family: arial, helvetica, sans-serif;\">Lar Alan Kardec<\/span><\/li>\n<\/ol>\n<\/li>\n<\/ol>\n<p style=\"padding-left: 40px;\"><span style=\"font-family: arial, helvetica, sans-serif;\">A institui\u00e7\u00e3o sem fins lucrativos de Ensino Particular foi fundada em 28 de fevereiro de 1993 e est\u00e1 localizada no distrito do Jardim \u00c2ngela, em S\u00e3o Paulo.<\/span><\/p>\n<p style=\"padding-left: 40px;\"><span style=\"font-family: arial, helvetica, sans-serif;\">O Lar Infantil mant\u00e9m atualmente\u00a0<strong>200 crian\u00e7as<\/strong>\u00a0em sua escola, desde a Educa\u00e7\u00e3o Infantil ao Ensino Fundamental, sendo 80 crian\u00e7as do Jardim I e II em\u00a0<strong>per\u00edodo integral<\/strong>, com alimenta\u00e7\u00e3o (caf\u00e9, almo\u00e7o e lanche da tarde).<\/span><\/p>\n<p style=\"padding-left: 40px;\"><span style=\"font-family: arial, helvetica, sans-serif;\">A Ophthal presta atendimento oftalmol\u00f3gico b\u00e1sico (gratuito) e acolhendo crian\u00e7as que precisam de tratamento na cl\u00ednica.<\/span><\/p>\n<ol>\n<li style=\"list-style-type: none;\">\n<ol start=\"2\">\n<li><span style=\"font-family: arial, helvetica, sans-serif;\">Projeto Papa-pilhas<\/span><\/li>\n<\/ol>\n<\/li>\n<\/ol>\n<p style=\"padding-left: 40px;\"><span style=\"font-family: arial, helvetica, sans-serif;\">Em 2017, essa a\u00e7\u00e3o foi criada, para conscientizar os colaboradores e clientes sobre a import\u00e2ncia do descarte correto de pilhas usadas. A Ophthal, disponibiliza em suas recep\u00e7\u00f5es aos seus clientes e colaboradores coletores para esses produtos.<\/span><\/p>\n<p style=\"padding-left: 40px;\"><span style=\"font-family: arial, helvetica, sans-serif;\">A fim de estimular a coleta das pilhas, a Ophthal semestralmente realiza a pesagem das pilhas coletadas na Unidade, sendo que aquela que tiver maior peso ganhar\u00e1 um caf\u00e9 da manh\u00e3 para todos os colaboradores.<\/span><\/p>\n<p style=\"padding-left: 40px;\"><span style=\"font-family: arial, helvetica, sans-serif;\">As pilhas s\u00e3o reunidas na Unidade Moema, para pesagem total e cota\u00e7\u00e3o da coleta e descarte por empresa terceirizada devidamente autorizada.<\/span><\/p>\n<ol>\n<li style=\"list-style-type: none;\">\n<ol start=\"3\">\n<li><span style=\"font-family: arial, helvetica, sans-serif;\">Projeto Papa-p\u00edlula<\/span><\/li>\n<\/ol>\n<\/li>\n<\/ol>\n<p style=\"padding-left: 40px;\"><span style=\"font-family: arial, helvetica, sans-serif;\">Foi criado tamb\u00e9m, em 2019, o Projeto de descarte consciente de medicamentos, nascido da solicita\u00e7\u00e3o dos pr\u00f3prios clientes. Instalamos uma caixa para descarte de medicamentos s\u00f3lidos e outra para medicamentos l\u00edquidos, sendo que a caixa \u00e9 retirada pela farm\u00e1cia da Ophthal que enviar\u00e1 ao destino correto de medicamentos vencidos ou sem uso.<\/span><\/p>\n<p style=\"padding-left: 40px;\"><span style=\"font-family: arial, helvetica, sans-serif;\">Segundo o Conselho Federal de Farm\u00e1cia: \u201cO Brasil \u00e9 o 6\u00ba mercado mundial em volume de medicamentos vencidos (Interfarma, Guia 2014) e estima-se que, por ano, a popula\u00e7\u00e3o brasileira gere mais de 10 mil toneladas de res\u00edduos de medicamentos, sejam vencidos ou que sobram de tratamentos. N\u00e3o h\u00e1, no pa\u00eds, um sistema adequado de descarte destes produtos (ABDI \u2013 Ag\u00eancia Brasileira de Desenvolvimento Industrial \/ ANVISA \u2013 Ag\u00eancia Nacional de Vigil\u00e2ncia Sanit\u00e1ria).\u201d<\/span><\/p>\n<p>&nbsp;<\/p>\n<table style=\"width: 100%; border-collapse: collapse; border-style: solid; border-color: #000000;\" border=\"1\">\n<tbody>\n<tr>\n<td style=\"width: 33.3333%;\"><span style=\"font-family: 'arial black', sans-serif;\"><strong><span style=\"font-size: 8pt;\">Elabora\u00e7\u00e3o<\/span><\/strong><\/span><br \/>\n<span style=\"font-size: 8pt; font-family: arial, helvetica, sans-serif;\">Marcia Casagrande \u2013 Ger. Centro cir\u00fargico<\/span><\/p>\n<p><span style=\"font-family: arial, helvetica, sans-serif; font-size: 8pt;\">Jei\u00e9li Lucas &#8211; Ger. Suprimentos<\/span><\/p>\n<p><span style=\"font-size: 8pt; font-family: arial, helvetica, sans-serif;\">Cristiane Hirai \u2013 Ger. Operacional<\/span><br \/>\n<span style=\"font-size: 8pt; font-family: arial, helvetica, sans-serif;\">Marcia Casagrande \u2013 Ger. Centro cir\u00fargico<\/span><br \/>\n<span style=\"font-size: 8pt; font-family: arial, helvetica, sans-serif;\">Giuliana Baraldo \u2013 Ger. Operacional Corporativa<\/span><br \/>\n<span style=\"font-size: 8pt; font-family: arial, helvetica, sans-serif;\">Caroline Ribeiro \u2013 Ger. Adm\/Finan. Corporativa<\/span><\/td>\n<td style=\"width: 33.3333%;\"><span style=\"font-family: 'arial black', sans-serif;\"><strong><span style=\"font-size: 8pt;\">Revis\u00e3o<\/span><\/strong><\/span><br \/>\n<span style=\"font-size: 8pt; font-family: arial, helvetica, sans-serif;\">Daiane Cristina \u2013 Coord. De Unidade <\/span><br \/>\n<span style=\"font-size: 8pt; font-family: arial, helvetica, sans-serif;\">Gabriela Vieira\u00a0 \u2013 Sup. de Unidade<\/span><\/td>\n<td style=\"width: 33.3333%;\"><span style=\"font-family: 'arial black', sans-serif;\"><strong><span style=\"font-size: 8pt;\">Aprova\u00e7\u00e3o<\/span><\/strong><\/span><br \/>\n<span style=\"font-size: 8pt; font-family: arial, helvetica, sans-serif;\">\u00a0Dr. Evandro Schapira &#8211; Coordenador da Qualidade<\/span><\/td>\n<\/tr>\n<\/tbody>\n<\/table>\n<p>&nbsp;<\/p>\n","protected":false},"excerpt":{"rendered":"<p>&nbsp; POL\u00cdTICA ORGANIZACIONAL PAGINA 1 DE 1 INSTITUCIONAL IMPLANTA\u00c7\u00c3O: 04\/2016 DOC n\u00ba 007 REVIS\u00c3O: n\u00ba 05 &#8211; 04\/2025 PR\u00d3XIMA REVIS\u00c3O: 04\/2027 POL\u00cdTICA DE SOCIOAMBIENTAL &nbsp; Introdu\u00e7\u00e3o A Ophthal Hospital Especializado Ltda se preocupa e incentiva a responsabilidade s\u00f3cio-ambiental atrav\u00e9s de campanhas e a\u00e7\u00f5es, tais como coleta seletiva em algumas unidades, projeto papa pilha e apoio [&hellip;]<\/p>\n","protected":false},"author":1,"featured_media":0,"parent":568,"menu_order":0,"comment_status":"closed","ping_status":"closed","template":"blank-page-with-container.php","meta":{"footnotes":""},"class_list":["post-605","page","type-page","status-publish","hentry"],"_links":{"self":[{"href":"https:\/\/intranet.ophthal.com.br\/index.php?rest_route=\/wp\/v2\/pages\/605","targetHints":{"allow":["GET"]}}],"collection":[{"href":"https:\/\/intranet.ophthal.com.br\/index.php?rest_route=\/wp\/v2\/pages"}],"about":[{"href":"https:\/\/intranet.ophthal.com.br\/index.php?rest_route=\/wp\/v2\/types\/page"}],"author":[{"embeddable":true,"href":"https:\/\/intranet.ophthal.com.br\/index.php?rest_route=\/wp\/v2\/users\/1"}],"replies":[{"embeddable":true,"href":"https:\/\/intranet.ophthal.com.br\/index.php?rest_route=%2Fwp%2Fv2%2Fcomments&post=605"}],"version-history":[{"count":7,"href":"https:\/\/intranet.ophthal.com.br\/index.php?rest_route=\/wp\/v2\/pages\/605\/revisions"}],"predecessor-version":[{"id":2739,"href":"https:\/\/intranet.ophthal.com.br\/index.php?rest_route=\/wp\/v2\/pages\/605\/revisions\/2739"}],"up":[{"embeddable":true,"href":"https:\/\/intranet.ophthal.com.br\/index.php?rest_route=\/wp\/v2\/pages\/568"}],"wp:attachment":[{"href":"https:\/\/intranet.ophthal.com.br\/index.php?rest_route=%2Fwp%2Fv2%2Fmedia&parent=605"}],"curies":[{"name":"wp","href":"https:\/\/api.w.org\/{rel}","templated":true}]}}