{"id":587,"date":"2020-05-06T11:35:04","date_gmt":"2020-05-06T14:35:04","guid":{"rendered":"https:\/\/intranet.ophthal.com.br\/?page_id=587"},"modified":"2025-06-11T20:37:50","modified_gmt":"2025-06-11T23:37:50","slug":"doc-011-notificacao-de-evento-adverso","status":"publish","type":"page","link":"https:\/\/intranet.ophthal.com.br\/?page_id=587","title":{"rendered":"DOC &#8211; 011 &#8211; NOTIFICA\u00c7\u00c3O DE EVENTO ADVERSO"},"content":{"rendered":"<p>&nbsp;<\/p>\n<table style=\"width: 100%; border-collapse: collapse; border-color: #000000; border-style: solid;\" border=\"1\">\n<tbody>\n<tr>\n<td style=\"width: 272px; border-style: solid; border-color: #000000;\"><img decoding=\"async\" class=\"wp-image-345 aligncenter\" src=\"https:\/\/intranet.ophthal.com.br\/wp-content\/uploads\/2020\/03\/5x3_logo-300x200.jpg\" alt=\"\" width=\"189\" height=\"126\" srcset=\"https:\/\/intranet.ophthal.com.br\/wp-content\/uploads\/2020\/03\/5x3_logo-300x200.jpg 300w, https:\/\/intranet.ophthal.com.br\/wp-content\/uploads\/2020\/03\/5x3_logo.jpg 591w\" sizes=\"(max-width: 189px) 100vw, 189px\" \/><\/td>\n<td style=\"width: 271px; border-style: solid; border-color: #000000; text-align: center;\"><span style=\"font-family: arial black, sans-serif;\"><b>PROCEDIMENTO OPERACIONAL PADR\u00c3O<\/b><\/span><\/td>\n<td style=\"width: 272px; border-style: solid; border-color: #000000;\">\n<p style=\"text-align: center;\"><span style=\"font-family: 'arial black', sans-serif;\"><strong>PAGINA<\/strong><\/span><\/p>\n<p style=\"text-align: center;\"><span style=\"font-family: 'arial black', sans-serif;\"><strong>1 DE 1<\/strong><\/span><\/p>\n<\/td>\n<\/tr>\n<\/tbody>\n<\/table>\n<table style=\"width: 100%; border-collapse: collapse; border-style: solid; border-color: #000000; height: 24px;\" border=\"1\">\n<tbody>\n<tr style=\"height: 24px;\">\n<td style=\"width: 50%; height: 24px; border-style: solid; border-color: #000000; text-align: center;\"><span style=\"font-family: 'arial black', sans-serif;\"><strong>INSTITUCIONAL<\/strong><\/span><\/td>\n<td style=\"width: 50%; height: 24px; border-style: solid; border-color: #000000; text-align: center;\"><span style=\"font-family: 'arial black', sans-serif;\"><strong>IMPLANTA\u00c7\u00c3O: 05\/2027<\/strong><\/span><\/td>\n<\/tr>\n<\/tbody>\n<\/table>\n<table style=\"width: 100%; border-collapse: collapse; border-style: solid; border-color: #000000;\" border=\"1\">\n<tbody>\n<tr>\n<td style=\"width: 33.3333%; border-style: solid; border-color: #000000; text-align: center;\"><span style=\"font-family: 'arial black', sans-serif;\"><strong>DOC n\u00ba 011<\/strong><\/span><\/td>\n<td style=\"width: 33.3333%; border-style: solid; border-color: #000000; text-align: center;\"><span style=\"font-family: 'arial black', sans-serif;\"><strong>REVIS\u00c3O: n\u00ba 07 &#8211; 05\/2025<\/strong><\/span><\/td>\n<td style=\"width: 33.3333%; border-style: solid; border-color: #000000; text-align: center;\"><span style=\"font-family: 'arial black', sans-serif;\"><strong>PR\u00d3XIMA REVIS\u00c3O: 04\/2021<\/strong><\/span><\/td>\n<\/tr>\n<\/tbody>\n<\/table>\n<table style=\"width: 100%; border-collapse: collapse; height: 24px;\" border=\"1\">\n<tbody>\n<tr style=\"height: 24px;\">\n<td style=\"width: 100%; height: 24px; border-style: solid; border-color: #000000; text-align: center;\"><span style=\"font-family: 'arial black', sans-serif;\"><strong>NOTIFICA\u00c7\u00c3O DE EVENTO ADVERSO<\/strong><\/span><\/td>\n<\/tr>\n<\/tbody>\n<\/table>\n<p dir=\"ltr\"><span style=\"font-family: arial, helvetica, sans-serif;\"><strong>1.\u00a0 \u00a0 OBJETIVO<\/strong><\/span><\/p>\n<p><span style=\"font-family: arial, helvetica, sans-serif; font-size: 14px;\">As Notifica\u00e7\u00f5es t\u00eam o objetivo de trazer ao conhecimento do N\u00facleo de Seguran\u00e7a do Paciente os eventos que possam vir a causar algum tipo de dano ao paciente.<\/span><\/p>\n<p><strong><span style=\"font-family: arial, helvetica, sans-serif;\">2.\u00a0 \u00a0 ABRANG\u00caNCIA<\/span><\/strong><br \/>\n<span style=\"font-family: arial, helvetica, sans-serif; font-size: 14px;\">Institucional<\/span><\/p>\n<p><strong><span style=\"font-family: arial, helvetica, sans-serif;\">3.\u00a0 \u00a0 RESPONSABILIDADES<\/span><\/strong><br \/>\n<span style=\"font-family: arial, helvetica, sans-serif; font-size: 14px;\">Institucional<\/span><\/p>\n<p><strong><span style=\"font-family: arial, helvetica, sans-serif;\">4.\u00a0 \u00a0 JUSTIFICATIVA<\/span><\/strong><\/p>\n<p><span style=\"font-family: arial, helvetica, sans-serif; font-size: 14px;\">Sempre que poss\u00edvel desenvolver solu\u00e7\u00f5es com o intuito de evitar que danos ao paciente venham a se repetir e melhorando a qualidade e seguran\u00e7a do paciente em nosso servi\u00e7o.<\/span><\/p>\n<p><strong><span style=\"font-family: arial, helvetica, sans-serif;\">5.\u00a0 \u00a0 ABREVIATURAS E DEFINI\u00c7\u00d5ES<\/span><\/strong><\/p>\n<p class=\"Standard\" style=\"text-align: justify;\"><span style=\"font-size: 14px; font-family: Arial, sans-serif;\">POP: Procedimento Operacional Padr\u00e3o<\/span><\/p>\n<p class=\"Standard\" style=\"text-align: justify;\"><span style=\"font-size: 14px; font-family: Arial, sans-serif;\">NSP: N\u00facleo de Seguran\u00e7a do Paciente. <\/span><\/p>\n<p><strong><span style=\"font-family: arial, helvetica, sans-serif;\">6.\u00a0 \u00a0 PROCEDIMENTOS<\/span><\/strong><\/p>\n<p><span style=\"font-family: arial, helvetica, sans-serif; font-size: 14px;\">O formul\u00e1rio de notifica\u00e7\u00e3o fica dispon\u00edvel em todas as Unidades de forma impressa e para aqueles que tem acesso ao computador se encontra na pasta do N\u00facleo de seguran\u00e7a do Paciente \u2013 Notifica\u00e7\u00e3o (Anexo I)<\/span><\/p>\n<p><span style=\"font-size: 14px; font-family: arial, helvetica, sans-serif;\">Qualquer pessoa pode realizar a notifica\u00e7\u00e3o colaboradores de qualquer setor ou pacientes\/acompanhantes.<\/span><\/p>\n<p><span style=\"font-size: 14px; font-family: arial, helvetica, sans-serif;\">Neste formul\u00e1rio dever\u00e1 conter a descri\u00e7\u00e3o completa de qualquer evento que possa causar ou n\u00e3o dano ao paciente. Ou seja, qualquer situa\u00e7\u00e3o que possa colocar o paciente em risco.<\/span><\/p>\n<p><span style=\"font-size: 14px; font-family: arial, helvetica, sans-serif;\">\u00c9 importante descrever al\u00e9m de unidade e setor o local exato o qual ocorreu o evento. Como por exemplo: Sala de procedimento do conjunto 1405, cadeira do paciente do equipamento de yag laser.<\/span><\/p>\n<p><span style=\"font-size: 14px; font-family: arial, helvetica, sans-serif;\">No caso da notifica\u00e7\u00e3o via intranet o envio ao NSP \u00e9 autom\u00e1tico e no caso de notifica\u00e7\u00e3o por escrito depositar o impresso preenchido na caixa de sugest\u00f5es.<\/span><\/p>\n<p><span style=\"font-family: arial, helvetica, sans-serif; font-size: 14px;\">As notifica\u00e7\u00f5es discutidas em reuni\u00e3o do NSP para classifica\u00e7\u00e3o do evento, ser\u00e3o realizadas as an\u00e1lises, notificando os respons\u00e1veis pelo setor, bem como auxiliando na elabora\u00e7\u00e3o do plano de a\u00e7\u00e3o, criando barreiras e monitorando-as.<\/span><\/p>\n<p><strong><span style=\"font-family: arial, helvetica, sans-serif;\">7.\u00a0 \u00a0 ANEXO<\/span><\/strong><\/p>\n<p><a title=\"DOC 011 \u2013 Anexo I (Formul\u00e1rio de notifica\u00e7\u00e3o). \" href=\"https:\/\/intranet.ophthal.com.br\/ophthal_docs\/docs_ona\/DOC011-Anexo.pdf\" target=\"_blank\" rel=\"noopener noreferrer\">DOC 011 \u2013 Anexo I (Formul\u00e1rio de notifica\u00e7\u00e3o)<\/a><\/p>\n<p><a title=\"Formulario de Notifica\u00e7\u00e3o - Online\" href=\"https:\/\/200.196.245.143\/nsp\/plugins\/formcreator\/front\/formdisplay.php?id=1\" target=\"_blank\" rel=\"noopener noreferrer\">Formul\u00e1rio de Notifica\u00e7\u00e3o &#8211; Via Web<\/a><\/p>\n<p>&nbsp;<\/p>\n<p><strong><span style=\"font-family: arial, helvetica, sans-serif;\">8.\u00a0 \u00a0 REFER\u00caNCIAS<\/span><\/strong><\/p>\n<p><span style=\"font-family: arial, helvetica, sans-serif; font-size: 14px;\">Conselho Federal de Farm\u00e1cia. Comiss\u00e3o de Farm\u00e1cia Hospitalar. Gest\u00e3o de compras em Farm\u00e1cia Hospitalar. Encarte n\u00ba16 Mar\u00e7o\/Abril\/Maio 2012.<\/span><\/p>\n<p><span style=\"font-family: arial, helvetica, sans-serif; font-size: 14px;\">&#8211; Conselho Regional de Farm\u00e1cia \u2013 Paran\u00e1. Guia de orienta\u00e7\u00e3o do exerc\u00edcio profissional em Farm\u00e1cia Hospitalar. Cap\u00edtulo 2 \u2013 Aquisi\u00e7\u00e3o.<\/span><\/p>\n<p><span style=\"font-family: arial, helvetica, sans-serif; font-size: 14px;\">&#8211; Ag\u00eancia Nacional de Vigil\u00e2ncia Sanit\u00e1ria \u2013 ANVISA. (Brasil). Resolu\u00e7\u00e3o n\u00ba 36, de 25 de julho de 2013. Di\u00e1rio Oficial da Uni\u00e3o, Bras\u00edlia, 26 jul. 2013. Se\u00e7\u00e3o 1, p. 32.<\/span><\/p>\n<h4><span style=\"font-family: arial, helvetica, sans-serif; font-size: 16px;\">9.\u00a0 \u00a0 \u00a0DESCRI\u00c7\u00c3O DA ULTIMA REVIS\u00c3O.<\/span><\/h4>\n<table style=\"border-collapse: collapse; width: 100%; height: 45px;\">\n<tbody>\n<tr style=\"height: 21px;\">\n<td style=\"width: 20.1819%; border-style: solid; border-color: #000000; height: 21px;\"><strong><span style=\"font-family: arial, helvetica, sans-serif;\">\u00a0 ITEM<\/span><\/strong><\/td>\n<td style=\"width: 79.8181%; border-style: solid; border-color: #000000; height: 21px;\"><span style=\"font-family: arial, helvetica, sans-serif;\">\u00a0DESCRI\u00c7\u00c3O DA ALTERA\u00c7\u00c3O \u2013 Revis\u00e3o n\u00b0 02\u00a0<\/span><\/td>\n<\/tr>\n<tr style=\"height: 24px;\">\n<td style=\"width: 20.1819%; border-style: solid; border-color: #000000; height: 24px;\">\u00a0 Cabe\u00e7alho e Anexo<\/td>\n<td style=\"width: 79.8181%; border-style: solid; border-color: #000000; height: 24px;\"><span style=\"font-family: arial, helvetica, sans-serif;\">\u00a0Troca de n\u00famero de documento de POP 001 para DOC 011.<\/span><\/td>\n<\/tr>\n<\/tbody>\n<\/table>\n<p>&nbsp;<\/p>\n<table style=\"width: 100%; border-collapse: collapse; border-style: solid; border-color: #000000;\" border=\"1\">\n<tbody>\n<tr>\n<td style=\"width: 33.3333%;\"><span style=\"font-family: 'arial black', sans-serif;\"><strong><span style=\"font-size: 8pt;\">Elabora\u00e7\u00e3o<\/span><\/strong><\/span><br \/>\n<span style=\"font-size: 8pt; font-family: arial, helvetica, sans-serif;\">Jei\u00e9li Lucas \u2013 Ger. Suprimentos<\/span><br \/>\n<span style=\"font-size: 8pt; font-family: arial, helvetica, sans-serif;\">Marcia Casagrande \u2013 Ger. Centro cirurgico<\/span><br \/>\n<span style=\"font-size: 8pt; font-family: arial, helvetica, sans-serif;\">Cristiane Hirai \u2013 Ger. Operacional<\/span><br \/>\n<span style=\"font-size: 8pt; font-family: arial, helvetica, sans-serif;\">Giuliana Baraldo \u2013 Ger. Operacional Corporativ<\/span><\/td>\n<td style=\"width: 33.3333%;\"><span style=\"font-family: 'arial black', sans-serif;\"><strong><span style=\"font-size: 8pt;\">Revis\u00e3o<\/span><\/strong><\/span><\/p>\n<p><span style=\"font-size: 8pt; font-family: arial, helvetica, sans-serif;\">Daiane Cristina \u2013 Coordena\u00e7\u00e3o Atendimento<\/span><\/td>\n<td style=\"width: 33.3333%;\"><span style=\"font-family: 'arial black', sans-serif;\"><strong><span style=\"font-size: 8pt;\">Aprova\u00e7\u00e3o<\/span><\/strong><\/span><br \/>\n<span style=\"font-size: 8pt; font-family: arial, helvetica, sans-serif;\">Evandro Schapira<\/span><br \/>\n<span style=\"font-size: 8pt; font-family: arial, helvetica, sans-serif;\">Cons. Diretivo<\/span><\/td>\n<\/tr>\n<\/tbody>\n<\/table>\n","protected":false},"excerpt":{"rendered":"<p>&nbsp; PROCEDIMENTO OPERACIONAL PADR\u00c3O PAGINA 1 DE 1 INSTITUCIONAL IMPLANTA\u00c7\u00c3O: 05\/2027 DOC n\u00ba 011 REVIS\u00c3O: n\u00ba 07 &#8211; 05\/2025 PR\u00d3XIMA REVIS\u00c3O: 04\/2021 NOTIFICA\u00c7\u00c3O DE EVENTO ADVERSO 1.\u00a0 \u00a0 OBJETIVO As Notifica\u00e7\u00f5es t\u00eam o objetivo de trazer ao conhecimento do N\u00facleo de Seguran\u00e7a do Paciente os eventos que possam vir a causar algum tipo de dano [&hellip;]<\/p>\n","protected":false},"author":1,"featured_media":0,"parent":568,"menu_order":0,"comment_status":"closed","ping_status":"closed","template":"blank-page-with-container.php","meta":{"footnotes":""},"class_list":["post-587","page","type-page","status-publish","hentry"],"_links":{"self":[{"href":"https:\/\/intranet.ophthal.com.br\/index.php?rest_route=\/wp\/v2\/pages\/587","targetHints":{"allow":["GET"]}}],"collection":[{"href":"https:\/\/intranet.ophthal.com.br\/index.php?rest_route=\/wp\/v2\/pages"}],"about":[{"href":"https:\/\/intranet.ophthal.com.br\/index.php?rest_route=\/wp\/v2\/types\/page"}],"author":[{"embeddable":true,"href":"https:\/\/intranet.ophthal.com.br\/index.php?rest_route=\/wp\/v2\/users\/1"}],"replies":[{"embeddable":true,"href":"https:\/\/intranet.ophthal.com.br\/index.php?rest_route=%2Fwp%2Fv2%2Fcomments&post=587"}],"version-history":[{"count":11,"href":"https:\/\/intranet.ophthal.com.br\/index.php?rest_route=\/wp\/v2\/pages\/587\/revisions"}],"predecessor-version":[{"id":2511,"href":"https:\/\/intranet.ophthal.com.br\/index.php?rest_route=\/wp\/v2\/pages\/587\/revisions\/2511"}],"up":[{"embeddable":true,"href":"https:\/\/intranet.ophthal.com.br\/index.php?rest_route=\/wp\/v2\/pages\/568"}],"wp:attachment":[{"href":"https:\/\/intranet.ophthal.com.br\/index.php?rest_route=%2Fwp%2Fv2%2Fmedia&parent=587"}],"curies":[{"name":"wp","href":"https:\/\/api.w.org\/{rel}","templated":true}]}}