{"id":568,"date":"2020-03-20T12:18:17","date_gmt":"2020-03-20T15:18:17","guid":{"rendered":"https:\/\/intranet.ophthal.com.br\/?page_id=568"},"modified":"2025-06-11T19:32:48","modified_gmt":"2025-06-11T22:32:48","slug":"ophthal-institucional","status":"publish","type":"page","link":"https:\/\/intranet.ophthal.com.br\/?page_id=568","title":{"rendered":"OPHTHAL \u2013 INSTITUCIONAL"},"content":{"rendered":"<p>&nbsp;<\/p>\n<h2 style=\"text-align: center;\"><\/h2>\n<p>&nbsp;<\/p>\n<p>[su_list icon=&#8221;icon: folder-o&#8221;]<\/p>\n<ul>\n<li><a href=\"https:\/\/intranet.ophthal.com.br\/?page_id=1159\" target=\"_blank\" rel=\"noopener noreferrer\">DOC &#8211; 002 &#8211; POL\u00cdTICA DE GEST\u00c3O DA QUALIDADE<\/a><\/li>\n<li><a href=\"https:\/\/intranet.ophthal.com.br\/?page_id=612\" target=\"_blank\" rel=\"noopener noreferrer\">DOC &#8211; 003 &#8211; POL\u00cdTICA DE COMUNICA\u00c7\u00c3O INSTITUCIONAL<\/a><\/li>\n<li><a href=\"https:\/\/intranet.ophthal.com.br\/?page_id=614\" target=\"_blank\" rel=\"noopener noreferrer\">DOC &#8211; 004 &#8211; POL\u00cdTICA DE GEST\u00c3O DE PESSOAS<\/a><\/li>\n<li><a href=\"https:\/\/intranet.ophthal.com.br\/?page_id=619\" target=\"_blank\" rel=\"noopener noreferrer\">DOC &#8211; 005 &#8211; POL\u00cdTICA DE SEGURAN\u00c7A DO PACIENTE<\/a><\/li>\n<li><a href=\"https:\/\/intranet.ophthal.com.br\/?page_id=605\" target=\"_blank\" rel=\"noopener noreferrer\">DOC &#8211; 007 &#8211; POL\u00cdTICA DE SOCIOAMBIENTAL<\/a><\/li>\n<li><a href=\"https:\/\/intranet.ophthal.com.br\/?page_id=704\" target=\"_blank\" rel=\"noopener noreferrer\">DOC &#8211; 008 &#8211; POL\u00cdTICA DE SEGURAN\u00c7A DA INFORMA\u00c7\u00c3O<\/a><\/li>\n<li><a href=\"https:\/\/intranet.ophthal.com.br\/?page_id=715\" target=\"_blank\" rel=\"noopener noreferrer\">DOC &#8211; 010 &#8211; PADRONIZA\u00c7\u00c3O E GEST\u00c3O DE DOCUMENTOS INSTITUCIONAIS<\/a><\/li>\n<li><a href=\"https:\/\/intranet.ophthal.com.br\/?page_id=587\" target=\"_blank\" rel=\"noopener noreferrer\">DOC &#8211; 011 &#8211; NOTIFICA\u00c7\u00c3O DE EVENTO ADVERSO<\/a><\/li>\n<li><a href=\"https:\/\/intranet.ophthal.com.br\/?page_id=574\" target=\"_blank\" rel=\"noopener noreferrer\">DOC &#8211; 012 &#8211; PLANO DE CONTING\u00caNCIA<\/a><\/li>\n<li><a href=\"https:\/\/intranet.ophthal.com.br\/?page_id=597\" target=\"_blank\" rel=\"noopener noreferrer\">DOC &#8211; 035 &#8211; ATENDIMENTO DE EMERG\u00caNCIA PARADA CARDIO RESPIRAT\u00d3RIO<\/a><\/li>\n<li><a href=\"https:\/\/intranet.ophthal.com.br\/?page_id=1778\" target=\"_blank\" rel=\"noopener noreferrer\">DOC &#8211; 045 &#8211; BIOSSEGURAN\u00c7A<\/a><\/li>\n<li><a href=\"https:\/\/intranet.ophthal.com.br\/?page_id=660\" target=\"_blank\" rel=\"noopener noreferrer\">DOC &#8211; 062 &#8211; POP DISCUSS\u00c3O, AGRESS\u00c3O, FURTO E ASSALTO<\/a><\/li>\n<li><a href=\"https:\/\/intranet.ophthal.com.br\/?page_id=664\" target=\"_blank\" rel=\"noopener noreferrer\">DOC &#8211; 079 &#8211; ACIDENTE BIOL\u00d3GICO<\/a><\/li>\n<li><a href=\"https:\/\/intranet.ophthal.com.br\/?page_id=1494\" target=\"_blank\" rel=\"noopener noreferrer\">DOC &#8211; 083 &#8211; NOTIFICA\u00c7\u00d5ES JUDICIAIS<\/a><\/li>\n<li><a href=\"https:\/\/intranet.ophthal.com.br\/?page_id=670\" target=\"_blank\" rel=\"noopener noreferrer\">DOC &#8211; 104 &#8211; VENDAS NO AMBIENTE DE TRABALHO<\/a><\/li>\n<li><a href=\"https:\/\/intranet.ophthal.com.br\/?page_id=673\" target=\"_blank\" rel=\"noopener noreferrer\">DOC &#8211; 105 &#8211; PROCEDIMENTOS OFTALMOL\u00d3GICOS ELETIVOS E GRATUITOS<\/a><\/li>\n<li><a href=\"https:\/\/intranet.ophthal.com.br\/?page_id=602\" target=\"_blank\" rel=\"noopener noreferrer\">DOC &#8211; 212 &#8211; ATENDIMENTO \u00c0S V\u00cdTIMAS DE AGRESS\u00c3O, TENTATIVA DE SUIC\u00cdDIO E ARMA BRANCA E DE FOGO<\/a><\/li>\n<li><a href=\"https:\/\/intranet.ophthal.com.br\/?page_id=629\" target=\"_blank\" rel=\"noopener noreferrer\">DOC &#8211; 214 &#8211; PESQUISA DE SATISFA\u00c7\u00c3O OPHTHAL<\/a><\/li>\n<li><a href=\"https:\/\/intranet.ophthal.com.br\/?page_id=631\" target=\"_blank\" rel=\"noopener noreferrer\">DOC &#8211; 216 &#8211; DIREITOS E DEVERES DOS PACIENTES<\/a><\/li>\n<li><a href=\"https:\/\/intranet.ophthal.com.br\/?page_id=648\" target=\"_blank\" rel=\"noopener noreferrer\">DOC &#8211; 218 &#8211; C\u00d3DIGO DE CONDUTA<\/a><\/li>\n<\/ul>\n<p>[\/su_list]<\/p>\n","protected":false},"excerpt":{"rendered":"<p>&nbsp; &nbsp; [su_list icon=&#8221;icon: folder-o&#8221;] DOC &#8211; 002 &#8211; POL\u00cdTICA DE GEST\u00c3O DA QUALIDADE DOC &#8211; 003 &#8211; POL\u00cdTICA DE COMUNICA\u00c7\u00c3O INSTITUCIONAL DOC &#8211; 004 &#8211; POL\u00cdTICA DE GEST\u00c3O DE PESSOAS DOC &#8211; 005 &#8211; POL\u00cdTICA DE SEGURAN\u00c7A DO PACIENTE DOC &#8211; 007 &#8211; POL\u00cdTICA DE SOCIOAMBIENTAL DOC &#8211; 008 &#8211; POL\u00cdTICA DE SEGURAN\u00c7A DA [&hellip;]<\/p>\n","protected":false},"author":1,"featured_media":569,"parent":0,"menu_order":0,"comment_status":"closed","ping_status":"closed","template":"","meta":{"footnotes":""},"class_list":["post-568","page","type-page","status-publish","has-post-thumbnail","hentry"],"_links":{"self":[{"href":"https:\/\/intranet.ophthal.com.br\/index.php?rest_route=\/wp\/v2\/pages\/568","targetHints":{"allow":["GET"]}}],"collection":[{"href":"https:\/\/intranet.ophthal.com.br\/index.php?rest_route=\/wp\/v2\/pages"}],"about":[{"href":"https:\/\/intranet.ophthal.com.br\/index.php?rest_route=\/wp\/v2\/types\/page"}],"author":[{"embeddable":true,"href":"https:\/\/intranet.ophthal.com.br\/index.php?rest_route=\/wp\/v2\/users\/1"}],"replies":[{"embeddable":true,"href":"https:\/\/intranet.ophthal.com.br\/index.php?rest_route=%2Fwp%2Fv2%2Fcomments&post=568"}],"version-history":[{"count":26,"href":"https:\/\/intranet.ophthal.com.br\/index.php?rest_route=\/wp\/v2\/pages\/568\/revisions"}],"predecessor-version":[{"id":2504,"href":"https:\/\/intranet.ophthal.com.br\/index.php?rest_route=\/wp\/v2\/pages\/568\/revisions\/2504"}],"wp:featuredmedia":[{"embeddable":true,"href":"https:\/\/intranet.ophthal.com.br\/index.php?rest_route=\/wp\/v2\/media\/569"}],"wp:attachment":[{"href":"https:\/\/intranet.ophthal.com.br\/index.php?rest_route=%2Fwp%2Fv2%2Fmedia&parent=568"}],"curies":[{"name":"wp","href":"https:\/\/api.w.org\/{rel}","templated":true}]}}