{"id":1778,"date":"2020-08-27T22:17:57","date_gmt":"2020-08-28T01:17:57","guid":{"rendered":"https:\/\/intranet.ophthal.com.br\/?page_id=1778"},"modified":"2025-06-11T20:43:21","modified_gmt":"2025-06-11T23:43:21","slug":"1778-2","status":"publish","type":"page","link":"https:\/\/intranet.ophthal.com.br\/?page_id=1778","title":{"rendered":"DOC &#8211; 045 &#8211; BIOSSEGURAN\u00c7A"},"content":{"rendered":"<table style=\"width: 100%; border-collapse: collapse; border-color: #000000; border-style: solid;\" border=\"1\">\n<tbody>\n<tr>\n<td style=\"width: 272px; border-style: solid; border-color: #000000;\"><img decoding=\"async\" class=\"wp-image-345 aligncenter\" src=\"https:\/\/intranet.ophthal.com.br\/wp-content\/uploads\/2020\/03\/5x3_logo-300x200.jpg\" alt=\"\" width=\"189\" height=\"126\" srcset=\"https:\/\/intranet.ophthal.com.br\/wp-content\/uploads\/2020\/03\/5x3_logo-300x200.jpg 300w, https:\/\/intranet.ophthal.com.br\/wp-content\/uploads\/2020\/03\/5x3_logo.jpg 591w\" sizes=\"(max-width: 189px) 100vw, 189px\" \/><\/td>\n<td style=\"width: 271px; border-style: solid; border-color: #000000; text-align: center;\"><span style=\"font-family: arial black, sans-serif;\"><b>PROCEDIMENTO OPERACIONAL PADR\u00c3O<\/b><\/span><\/td>\n<td style=\"width: 272px; border-style: solid; border-color: #000000;\">\n<p style=\"text-align: center;\"><span style=\"font-family: 'arial black', sans-serif;\"><strong>PAGINA<\/strong><\/span><\/p>\n<p style=\"text-align: center;\"><span style=\"font-family: 'arial black', sans-serif;\"><strong>1 DE 1<\/strong><\/span><\/p>\n<\/td>\n<\/tr>\n<\/tbody>\n<\/table>\n<table style=\"width: 100%; border-collapse: collapse; border-style: solid; border-color: #000000; height: 24px;\" border=\"1\">\n<tbody>\n<tr style=\"height: 24px;\">\n<td style=\"width: 50%; height: 24px; border-style: solid; border-color: #000000; text-align: center;\"><span style=\"font-family: 'arial black', sans-serif;\"><strong>INSTITUCIONAL<\/strong><\/span><\/td>\n<td style=\"width: 50%; height: 24px; border-style: solid; border-color: #000000; text-align: center;\"><span style=\"font-family: 'arial black', sans-serif;\"><strong>IMPLANTA\u00c7\u00c3O: 08\/2016<\/strong><\/span><\/td>\n<\/tr>\n<\/tbody>\n<\/table>\n<table style=\"width: 100%; border-collapse: collapse; border-style: solid; border-color: #000000; height: 24px;\" border=\"1\">\n<tbody>\n<tr style=\"height: 24px;\">\n<td style=\"width: 33.3333%; border-style: solid; border-color: #000000; text-align: center; height: 24px;\"><span style=\"font-family: 'arial black', sans-serif;\"><strong>DOC n\u00ba 045<\/strong><\/span><\/td>\n<td style=\"width: 33.3333%; border-style: solid; border-color: #000000; text-align: center; height: 24px;\"><span style=\"font-family: 'arial black', sans-serif;\"><strong>REVIS\u00c3O: n\u00ba 03 &#8211; 08\/2024<\/strong><\/span><\/td>\n<td style=\"width: 33.3333%; border-style: solid; border-color: #000000; text-align: center; height: 24px;\"><span style=\"font-family: 'arial black', sans-serif;\"><strong>PR\u00d3XIMA REVIS\u00c3O: 08\/2026<\/strong><\/span><\/td>\n<\/tr>\n<\/tbody>\n<\/table>\n<table style=\"width: 100%; border-collapse: collapse; height: 24px;\" border=\"1\">\n<tbody>\n<tr style=\"height: 24px;\">\n<td style=\"width: 100%; height: 24px; border-style: solid; border-color: #000000; text-align: center;\"><span style=\"font-family: 'arial black', sans-serif;\"><strong>BIOSSEGURAN\u00c7A<\/strong><\/span><\/td>\n<\/tr>\n<\/tbody>\n<\/table>\n<p><strong>\u00a0<\/strong><\/p>\n<ol>\n<li style=\"text-align: justify;\"><span style=\"font-family: arial, helvetica, sans-serif;\"><strong>OBJETIVO<\/strong><\/span><\/li>\n<\/ol>\n<p style=\"text-align: justify;\"><span style=\"font-family: arial, helvetica, sans-serif;\"><strong>\u00a0<\/strong><\/span><\/p>\n<p style=\"text-align: justify;\"><span style=\"font-family: arial, helvetica, sans-serif;\">Definir normas e procedimentos considerados seguros e adequados \u00e0 manuten\u00e7\u00e3o da sa\u00fade do trabalhador, durante atividades de risco de aquisi\u00e7\u00e3o de doen\u00e7as profissionais.<\/span><\/p>\n<ol style=\"text-align: justify;\" start=\"2\">\n<li><span style=\"font-family: arial, helvetica, sans-serif;\"><strong>ABRANG\u00caNCIA<\/strong><\/span><\/li>\n<\/ol>\n<p style=\"text-align: justify;\"><span style=\"font-family: arial, helvetica, sans-serif;\"><strong>\u00a0<\/strong><\/span><\/p>\n<p style=\"text-align: justify;\"><span style=\"font-family: arial, helvetica, sans-serif;\">Institucional<\/span><\/p>\n<ol style=\"text-align: justify;\" start=\"3\">\n<li><span style=\"font-family: arial, helvetica, sans-serif;\"><strong>RESPONSABILIDADE<\/strong><\/span><\/li>\n<\/ol>\n<p style=\"text-align: justify;\"><span style=\"font-family: arial, helvetica, sans-serif;\">\u00a0\u00a0\u00a0\u00a0\u00a0 Gestores, Coordenadores de Unidade e Enfermeiros (Centro Cir\u00fargico).<\/span><\/p>\n<ol style=\"text-align: justify;\" start=\"4\">\n<li><span style=\"font-family: arial, helvetica, sans-serif;\"><strong>JUSTIFICATIVA<\/strong><\/span><\/li>\n<\/ol>\n<p style=\"text-align: justify;\"><span style=\"font-family: arial, helvetica, sans-serif;\"><strong>\u00a0<\/strong><\/span><\/p>\n<p style=\"text-align: justify;\"><span style=\"font-family: arial, helvetica, sans-serif;\">\u00c9 de suma import\u00e2ncia implantar normas de biosseguran\u00e7a no \u00e2mbito da assist\u00eancia \u00e0 sa\u00fade, pelo fato de minimizar os riscos de acidentes ocupacionais.<\/span><\/p>\n<ol style=\"text-align: justify;\" start=\"5\">\n<li><span style=\"font-family: arial, helvetica, sans-serif;\"><strong>ABREVIA\u00c7\u00d5ES E DEFINI\u00c7\u00d5ES <\/strong><\/span><\/li>\n<\/ol>\n<p style=\"text-align: justify;\"><span style=\"font-family: arial, helvetica, sans-serif;\">\u00a0\u00a0\u00a0\u00a0\u00a0\u00a0 POP: Procedimento Operacional Padr\u00e3o<\/span><\/p>\n<p style=\"text-align: justify;\"><span style=\"font-family: arial, helvetica, sans-serif;\">PP: precau\u00e7\u00f5es padr\u00e3o<\/span><\/p>\n<p style=\"text-align: justify;\"><span style=\"font-family: arial, helvetica, sans-serif;\">EPC: equipamento de prote\u00e7\u00e3o coletiva<\/span><\/p>\n<p style=\"text-align: justify;\"><span style=\"font-family: arial, helvetica, sans-serif;\">EPI: equipamento de prote\u00e7\u00e3o individual<\/span><\/p>\n<p style=\"text-align: justify;\"><span style=\"font-family: arial, helvetica, sans-serif;\"><strong>\u00a0<\/strong><\/span><\/p>\n<ol style=\"text-align: justify;\">\n<li><span style=\"font-family: arial, helvetica, sans-serif;\"><strong>BIOSSEGURAN\u00c7A: <\/strong>\u00c9 o conjunto de normas e procedimentos considerados seguros e adequados \u00e0 manuten\u00e7\u00e3o da sa\u00fade do trabalhador, durante atividades de risco de aquisi\u00e7\u00e3o de doen\u00e7as profissionais.<\/span><\/li>\n<li><span style=\"font-family: arial, helvetica, sans-serif;\"><strong>PRECAU\u00c7\u00d5ES PADR\u00c3O (PP): <\/strong>S\u00e3o parte das normas de biosseguran\u00e7a e consistem em atitudes que devem ser tomadas por todo trabalhador de sa\u00fade frente a qualquer paciente, com o objetivo de reduzir os riscos de transmiss\u00e3o de agentes infecciosos, principalmente veiculados por sangue e fluidos corp\u00f3reos ou presentes em les\u00f5es de pele, mucosas, restos de tecidos ou de \u00f3rg\u00e3os.<\/span><\/li>\n<li><span style=\"font-family: arial, helvetica, sans-serif;\"><strong>EQUIPAMENTOS DE PROTE\u00c7\u00c3O: <\/strong>Funcionam como barreira contra a transmiss\u00e3o de microrganismos devendo ser utilizados de acordo com o tipo de atividade realizada e o risco de exposi\u00e7\u00e3o aos pat\u00f3genos. Por exemplo, os trabalhadores da \u00e1rea de sa\u00fade sob o risco de contamina\u00e7\u00e3o das mucosas, devido ao respingo de sangue, devem se proteger utilizando simultaneamente v\u00e1rios dispositivos de prote\u00e7\u00e3o: \u00f3culos protetores, luvas, avental e m\u00e1scara.<\/span><\/li>\n<li><span style=\"font-family: arial, helvetica, sans-serif;\"><strong>EPC: <\/strong>Aqueles que conferem prote\u00e7\u00e3o coletiva. Neste caso protege o conjunto dos trabalhadores de um setor de trabalho. Exemplos: exaustores, caixa de descarte de perfuorocortante.<\/span><\/li>\n<li><span style=\"font-family: arial, helvetica, sans-serif;\"><strong>EPI: <\/strong>Aqueles que conferem prote\u00e7\u00e3o individual (EPI) nesta situa\u00e7\u00e3o a prote\u00e7\u00e3o \u00e9 espec\u00edfica para um determinado indiv\u00edduo. S\u00e3o considerados EPI: luvas, m\u00e1scaras, \u00f3culos de prote\u00e7\u00e3o, aventais, gorros, prop\u00e9s, botas e sapatos.<\/span><\/li>\n<\/ol>\n<p style=\"text-align: justify;\"><span style=\"font-family: arial, helvetica, sans-serif;\"><strong>\u00a0<\/strong><\/span><\/p>\n<ol style=\"text-align: justify;\" start=\"6\">\n<li><span style=\"font-family: arial, helvetica, sans-serif;\"><strong>PROCEDIMENTOS<\/strong><\/span><\/li>\n<\/ol>\n<p style=\"text-align: justify;\"><span style=\"font-family: arial, helvetica, sans-serif;\"><strong>\u00a0<\/strong><\/span><\/p>\n<ul style=\"text-align: justify;\">\n<li><span style=\"font-family: arial, helvetica, sans-serif;\">O checklist de Biosseguran\u00e7a \u00e9 realizado mensalmente pelos gestores, coordenadores de unidade e pelos Enfermeiros no Centro Cir\u00fargico. S\u00e3o verificados nesta ronda os extintores, sinaliza\u00e7\u00e3o do local (placas), manuten\u00e7\u00e3o de equipamentos, EPI\u2019s dos colaboradores, manuten\u00e7\u00e3o predial e abrigos de lixo infectante e comum.<\/span><\/li>\n<li><span style=\"font-family: arial, helvetica, sans-serif;\">Est\u00e3o inclu\u00eddas entre as medidas de precau\u00e7\u00e3o padr\u00e3o as seguintes atitudes:<\/span><\/li>\n<\/ul>\n<ol style=\"text-align: justify;\">\n<li><span style=\"font-family: arial, helvetica, sans-serif;\"><strong>Higieniza\u00e7\u00e3o das m\u00e3os:<\/strong> Antes e ap\u00f3s o contato com paciente, antes e depois de cal\u00e7ar luvas, antes e depois de entrar em contato com materiais e equipamentos presentes na \u00e1rea do leito do paciente e em outras situa\u00e7\u00f5es descritas anteriormente.<\/span><\/li>\n<li><span style=\"font-family: arial, helvetica, sans-serif;\"><strong>Uso de luvas:<\/strong> Se existir risco de contato com sangue e outros flu\u00eddos corporais, membranas mucosas e pele n\u00e3o-\u00edntegra, e outros itens considerados contaminados. As luvas devem ser retiradas imediatamente ap\u00f3s o uso. A higieniza\u00e7\u00e3o das m\u00e3os ap\u00f3s a retirada \u00e9 obrigat\u00f3ria.<\/span><\/li>\n<li><span style=\"font-family: arial, helvetica, sans-serif;\"><strong>Uso de aventais:<\/strong> Toda vez que possa ser prevista contamina\u00e7\u00e3o por sangue e outros flu\u00eddos corporais. Retirar o avental imediatamente ap\u00f3s o uso e lavar as m\u00e3os ap\u00f3s este procedimento.<\/span><\/li>\n<li><span style=\"font-family: arial, helvetica, sans-serif;\"><strong>Uso de m\u00e1scara e \u00f3culos:<\/strong> Somente quando possa ser prevista contamina\u00e7\u00e3o de membranas mucosas boca e olhos com sangue e outros flu\u00eddos corporais (jatos ou \u201csprays\u201d desses flu\u00eddos). Destino adequado de material perfurocortante. Sempre zelar pelo destino correto de materiais perfurocortante e dos cuidados na sua manipula\u00e7\u00e3o e transporte. Imuniza\u00e7\u00e3o efetiva dos trabalhadores. \u00c9 realizada pela vacina\u00e7\u00e3o contra doen\u00e7as imunopreven\u00edveis, (hepatite B, t\u00e9tano, rub\u00e9ola) e profilaxia com imunoglobulinas e medicamentos, em casos indicados.<\/span><\/li>\n<li><span style=\"font-family: arial, helvetica, sans-serif;\"><strong>Uso de gorros e pro-p\u00e9s: <\/strong>Uso obrigat\u00f3rio no \u00e2mbito do centro cir\u00fargico e devem ser descartados ao final do expediente de trabalho para os profissionais atuantes nas \u00e1reas restritas do centro cir\u00fargico.<\/span><\/li>\n<li><span style=\"font-family: arial, helvetica, sans-serif;\"><strong>Cuidados ambientais:<\/strong> Zelar pelos equipamentos e materiais utilizados para cuidados ao paciente e com as superf\u00edcies fixas, al\u00e9m de descarte adequado dos res\u00edduos.<\/span><\/li>\n<\/ol>\n<p style=\"text-align: justify;\"><span style=\"font-family: arial, helvetica, sans-serif;\"><strong>6.3 <\/strong>\u00a0Uso de alguns EPI\u2019s:<\/span><\/p>\n<ul style=\"text-align: justify;\">\n<li><span style=\"font-family: arial, helvetica, sans-serif;\"><strong>Uso de luvas. <\/strong>Observar os seguintes cuidados: utilizar sempre que for antecipado o contato com sangue e l\u00edquidos corporais, secre\u00e7\u00f5es e excre\u00e7\u00f5es, membranas mucosas, pele lesada, artigos ou superf\u00edcies sujos com material biol\u00f3gico; trocar as luvas entre procedimentos no mesmo paciente se houver contato com material infectado; desprezar as luvas imediatamente ap\u00f3s uso.<\/span><\/li>\n<li><span style=\"font-family: arial, helvetica, sans-serif;\"><strong>Uso de avental.<\/strong> Observar os seguintes cuidados: utilizar como barreira f\u00edsica, quando existir possibilidade de contaminar as roupas ou a pele de profissional da sa\u00fade com material biol\u00f3gico; utilizar avental de manga longa e sempre fechado; desprezar o avental de prote\u00e7\u00e3o de contato imediatamente ap\u00f3s uso.<\/span><\/li>\n<li><span style=\"font-family: arial, helvetica, sans-serif;\"><strong>Uso de m\u00e1scara cir\u00fargica.<\/strong> Observar os seguintes cuidados: \u00e9 uma barreira de uso individual que cobre o nariz e a boca, com objetivo de proteger o trabalhador de sa\u00fade de infec\u00e7\u00f5es por inala\u00e7\u00e3o de got\u00edculas transmitidas \u00e0 curta dist\u00e2ncia e pela proje\u00e7\u00e3o de sangue ou outros fluidos corp\u00f3reos que possam atingir suas vias respirat\u00f3rias.<\/span><\/li>\n<li><span style=\"font-family: arial, helvetica, sans-serif;\"><strong>Uso de \u00f3culos de prote\u00e7\u00e3o<\/strong>. Para o uso deste equipamento, observar os seguintes cuidados: deve ser usado durante a realiza\u00e7\u00e3o de procedimentos no paciente ou manuseio de artigos ou materiais contaminados sempre que houver a possibilidade da ocorr\u00eancia de respingos de material biol\u00f3gico sobre as mucosas do olho; ap\u00f3s o uso, lavar os \u00f3culos com \u00e1gua e sab\u00e3o e fazer a desinfec\u00e7\u00e3o com \u00e1lcool et\u00edlico 70%.<\/span><\/li>\n<\/ul>\n<p style=\"text-align: justify;\"><span style=\"font-family: arial, helvetica, sans-serif;\"><strong>\u00a0<\/strong><\/span><\/p>\n<ol style=\"text-align: justify;\" start=\"7\">\n<li><span style=\"font-family: arial, helvetica, sans-serif;\"><strong>ANEXOS<\/strong><\/span><\/li>\n<\/ol>\n<p style=\"text-align: justify;\"><span style=\"font-family: arial, helvetica, sans-serif;\"><strong> <a href=\"https:\/\/intranet.ophthal.com.br\/ophthal_docs\/docs_ona\/DOC45-Anexo1\" target=\"_blank\" rel=\"noopener noreferrer\">Anexo I \u2013 DOC 045\u00a0\u00a0 Checklist Biosseguran\u00e7a<\/a><\/strong><\/span><\/p>\n<ol style=\"text-align: justify;\" start=\"8\">\n<li><span style=\"font-family: arial, helvetica, sans-serif;\"><strong>REFER\u00caNCIAS<\/strong><\/span><\/li>\n<\/ol>\n<p style=\"text-align: justify;\"><span style=\"font-family: arial, helvetica, sans-serif;\">BRASIL Minist\u00e9rio do Trabalho e Emprego. Norma Regulamentadora n\u00ba 32 (Seguran\u00e7a e Sa\u00fade no Trabalho em Estabelecimentos de Sa\u00fade). Portaria GM n\u00ba 485, de 11 de novembro de 2005.<\/span><\/p>\n<p style=\"text-align: justify;\"><span style=\"font-family: arial, helvetica, sans-serif;\"><strong>\u00a0\u00a0\u00a0\u00a0 9.DESCRI\u00c7\u00c3O DA \u00daLTIMA REVIS\u00c3O<\/strong><\/span><\/p>\n<p>&nbsp;<\/p>\n<table style=\"width: 93.0307%;\" width=\"586\">\n<tbody>\n<tr>\n<td style=\"width: 25.9067%; border-style: solid; border-color: #000000;\" width=\"138\"><strong><span style=\"font-family: arial, helvetica, sans-serif;\">ITEM<\/span><\/strong><\/td>\n<td style=\"width: 196.891%; border-style: solid; border-color: #000000;\" width=\"448\"><strong><span style=\"font-family: arial, helvetica, sans-serif;\">DESCRI\u00c7\u00c3O DA ALTERA\u00c7\u00c3O &#8211; REVIS\u00c3O n\u00b002<\/span><\/strong><\/td>\n<\/tr>\n<tr>\n<td style=\"width: 25.9067%; border-style: solid; border-color: #000000;\" width=\"138\"><span style=\"font-family: arial, helvetica, sans-serif;\">Cabe\u00e7alho<\/span><\/p>\n<p><span style=\"font-family: arial, helvetica, sans-serif;\">3.Responsabilidades 6. Procedimentos<\/span><\/td>\n<td style=\"width: 196.891%; border-style: solid; border-color: #000000;\" width=\"448\"><span style=\"font-family: arial, helvetica, sans-serif;\">Troca de n\u00famero de documento de POP 042 para DOC 045.<\/span><\/p>\n<p><span style=\"font-family: arial, helvetica, sans-serif;\">Altera\u00e7\u00e3o dos item 3 respons\u00e1veis pelo check list<\/span><\/p>\n<p><span style=\"font-family: arial, helvetica, sans-serif;\">Inclus\u00e3o do item 6.1 periodicidade do check list Biosseguran\u00e7a<\/span><\/td>\n<\/tr>\n<\/tbody>\n<\/table>\n<p>&nbsp;<\/p>\n<p>&nbsp;<\/p>\n<p>&nbsp;<\/p>\n<table style=\"width: 100%; border-collapse: collapse; border-style: solid; border-color: #000000;\" border=\"1\">\n<tbody>\n<tr>\n<td style=\"width: 34.0007%;\"><span style=\"font-family: 'arial black', sans-serif;\"><strong><span style=\"font-size: 8pt;\">Elabora\u00e7\u00e3o<\/span><\/strong><\/span><br \/>\n<span style=\"font-size: 8pt; font-family: arial, helvetica, sans-serif;\">Juliana M. de Farias &#8211; Farmac\u00eautica<\/span><\/td>\n<td style=\"width: 32.6659%;\"><span style=\"font-family: 'arial black', sans-serif;\"><strong><span style=\"font-size: 8pt;\">Revis\u00e3o<\/span><\/strong><\/span><br \/>\n<span style=\"font-size: 8pt; font-family: arial, helvetica, sans-serif;\">Marcely Belis\u00e1rio \u2013 Gerente de Suprimentos<\/span><\/td>\n<td style=\"width: 33.3333%;\"><span style=\"font-family: 'arial black', sans-serif;\"><strong><span style=\"font-size: 8pt;\">Aprova\u00e7\u00e3o<\/span><\/strong><\/span><br \/>\n<span style=\"font-size: 8pt; font-family: arial, helvetica, sans-serif;\">Dr. Rodrigo Brant &#8211; Cons. Diretivo<\/span><\/td>\n<\/tr>\n<\/tbody>\n<\/table>\n","protected":false},"excerpt":{"rendered":"<p>PROCEDIMENTO OPERACIONAL PADR\u00c3O PAGINA 1 DE 1 INSTITUCIONAL IMPLANTA\u00c7\u00c3O: 08\/2016 DOC n\u00ba 045 REVIS\u00c3O: n\u00ba 03 &#8211; 08\/2024 PR\u00d3XIMA REVIS\u00c3O: 08\/2026 BIOSSEGURAN\u00c7A \u00a0 OBJETIVO \u00a0 Definir normas e procedimentos considerados seguros e adequados \u00e0 manuten\u00e7\u00e3o da sa\u00fade do trabalhador, durante atividades de risco de aquisi\u00e7\u00e3o de doen\u00e7as profissionais. ABRANG\u00caNCIA \u00a0 Institucional RESPONSABILIDADE \u00a0\u00a0\u00a0\u00a0\u00a0 Gestores, Coordenadores [&hellip;]<\/p>\n","protected":false},"author":1,"featured_media":0,"parent":568,"menu_order":0,"comment_status":"closed","ping_status":"closed","template":"blank-page-with-container.php","meta":{"footnotes":""},"class_list":["post-1778","page","type-page","status-publish","hentry"],"_links":{"self":[{"href":"https:\/\/intranet.ophthal.com.br\/index.php?rest_route=\/wp\/v2\/pages\/1778","targetHints":{"allow":["GET"]}}],"collection":[{"href":"https:\/\/intranet.ophthal.com.br\/index.php?rest_route=\/wp\/v2\/pages"}],"about":[{"href":"https:\/\/intranet.ophthal.com.br\/index.php?rest_route=\/wp\/v2\/types\/page"}],"author":[{"embeddable":true,"href":"https:\/\/intranet.ophthal.com.br\/index.php?rest_route=\/wp\/v2\/users\/1"}],"replies":[{"embeddable":true,"href":"https:\/\/intranet.ophthal.com.br\/index.php?rest_route=%2Fwp%2Fv2%2Fcomments&post=1778"}],"version-history":[{"count":3,"href":"https:\/\/intranet.ophthal.com.br\/index.php?rest_route=\/wp\/v2\/pages\/1778\/revisions"}],"predecessor-version":[{"id":2515,"href":"https:\/\/intranet.ophthal.com.br\/index.php?rest_route=\/wp\/v2\/pages\/1778\/revisions\/2515"}],"up":[{"embeddable":true,"href":"https:\/\/intranet.ophthal.com.br\/index.php?rest_route=\/wp\/v2\/pages\/568"}],"wp:attachment":[{"href":"https:\/\/intranet.ophthal.com.br\/index.php?rest_route=%2Fwp%2Fv2%2Fmedia&parent=1778"}],"curies":[{"name":"wp","href":"https:\/\/api.w.org\/{rel}","templated":true}]}}